{"id":319,"date":"2016-08-23T04:15:21","date_gmt":"2016-08-23T04:15:21","guid":{"rendered":"http:\/\/demo.uix.store\/sober\/?page_id=319"},"modified":"2026-03-23T21:28:52","modified_gmt":"2026-03-23T20:28:52","slug":"about-us","status":"publish","type":"page","link":"https:\/\/artxiris.com\/?page_id=319","title":{"rendered":"MEET THE ARTIST"},"content":{"rendered":"\t\t<div data-elementor-type=\"wp-page\" data-elementor-id=\"319\" class=\"elementor elementor-319\">\n\t\t\t\t<div class=\"elementor-element elementor-element-a9b7988 e-flex e-con-boxed e-con e-parent\" data-id=\"a9b7988\" data-element_type=\"container\" data-e-type=\"container\">\n\t\t\t\t\t<div class=\"e-con-inner\">\n\t\t\t\t<div class=\"elementor-element elementor-element-54cff12 elementor-widget elementor-widget-spacer\" data-id=\"54cff12\" data-element_type=\"widget\" data-e-type=\"widget\" data-widget_type=\"spacer.default\">\n\t\t\t\t\t\t\t<div class=\"elementor-spacer\">\n\t\t\t<div class=\"elementor-spacer-inner\"><\/div>\n\t\t<\/div>\n\t\t\t\t\t\t<\/div>\n\t\t\t\t<div class=\"elementor-element elementor-element-283a948 elementor-widget elementor-widget-spacer\" data-id=\"283a948\" data-element_type=\"widget\" data-e-type=\"widget\" data-widget_type=\"spacer.default\">\n\t\t\t\t\t\t\t<div class=\"elementor-spacer\">\n\t\t\t<div class=\"elementor-spacer-inner\"><\/div>\n\t\t<\/div>\n\t\t\t\t\t\t<\/div>\n\t\t\t\t<div class=\"elementor-element elementor-element-5f929a1 elementor-widget__width-inherit elementor-widget elementor-widget-image\" data-id=\"5f929a1\" data-element_type=\"widget\" data-e-type=\"widget\" data-widget_type=\"image.default\">\n\t\t\t\t\t\t\t\t\t\t\t\t\t\t\t<img fetchpriority=\"high\" decoding=\"async\" width=\"1015\" height=\"1364\" src=\"https:\/\/artxiris.com\/wp-content\/uploads\/2026\/03\/IMG_0494-2.png\" class=\"attachment-full size-full wp-image-3978\" alt=\"Meet the artist -Iris Kichenama-Gourouvaya\" srcset=\"https:\/\/artxiris.com\/wp-content\/uploads\/2026\/03\/IMG_0494-2.png 1015w, https:\/\/artxiris.com\/wp-content\/uploads\/2026\/03\/IMG_0494-2-223x300.png 223w, https:\/\/artxiris.com\/wp-content\/uploads\/2026\/03\/IMG_0494-2-762x1024.png 762w, https:\/\/artxiris.com\/wp-content\/uploads\/2026\/03\/IMG_0494-2-768x1032.png 768w, https:\/\/artxiris.com\/wp-content\/uploads\/2026\/03\/IMG_0494-2-320x430.png 320w, https:\/\/artxiris.com\/wp-content\/uploads\/2026\/03\/IMG_0494-2-480x645.png 480w, https:\/\/artxiris.com\/wp-content\/uploads\/2026\/03\/IMG_0494-2-800x1075.png 800w, https:\/\/artxiris.com\/wp-content\/uploads\/2026\/03\/IMG_0494-2-565x759.png 565w, https:\/\/artxiris.com\/wp-content\/uploads\/2026\/03\/IMG_0494-2-937x1259.png 937w\" sizes=\"(max-width: 1015px) 100vw, 1015px\" \/>\t\t\t\t\t\t\t\t\t\t\t\t\t\t\t<\/div>\n\t\t\t\t\t<\/div>\n\t\t\t\t<\/div>\n\t\t\t\t<section class=\"elementor-section elementor-top-section elementor-element elementor-element-207b elementor-section-boxed elementor-section-height-default elementor-section-height-default\" data-id=\"207b\" data-element_type=\"section\" data-e-type=\"section\">\n\t\t\t\t\t\t<div class=\"elementor-container elementor-column-gap-default\">\n\t\t\t\t\t<div class=\"elementor-column elementor-col-100 elementor-top-column elementor-element elementor-element-7e98\" data-id=\"7e98\" data-element_type=\"column\" data-e-type=\"column\">\n\t\t\t<div class=\"elementor-widget-wrap elementor-element-populated\">\n\t\t\t\t\t\t<div class=\"elementor-element elementor-element-66f1 elementor-widget elementor-widget-text-editor\" data-id=\"66f1\" data-element_type=\"widget\" data-e-type=\"widget\" data-widget_type=\"text-editor.default\">\n\t\t\t\t\t\t\t\t\t<p data-start=\"169\" data-end=\"582\">Initi\u00e9e \u00e0 la peinture et au dessin d\u00e8s son plus jeune \u00e2ge, Iris d\u00e9veloppe tr\u00e8s t\u00f4t une sensibilit\u00e9 visuelle nourrie par l\u2019observation et l\u2019\u00e9motion. Elle commence \u00e0 se faire conna\u00eetre en tant que graphiste \u00e0 partir de 2018, collaborant avec de nombreuses entreprises et artistes, de la cr\u00e9ation de logos aux outils de communication visuelle. Ces exp\u00e9riences la ram\u00e8nent naturellement \u00e0 sa premi\u00e8re passion : l\u2019Art.<\/p><p data-start=\"584\" data-end=\"1010\">Son travail artistique explore et c\u00e9l\u00e8bre la beaut\u00e9 naturelle de la vie, invitant le regard \u00e0 se poser sur l\u2019essentiel et la simplicit\u00e9. En 2020, elle d\u00e9voile sa premi\u00e8re collection de line art intitul\u00e9e <em data-start=\"788\" data-end=\"805\">Home Sweet Home<\/em>, suivie d\u2019un second volet en 2021. Elle poursuit ensuite son exploration \u00e0 travers l\u2019illustration et participe \u00e0 la campagne \u00ab Birth Equity \u00bb de MOMOTARO lors du Black History Month (USA) en f\u00e9vrier 2021.<\/p><p data-start=\"346\" data-end=\"560\">\u00c0 travers <strong data-start=\"356\" data-end=\"375\">ARTXIRIS Studio<\/strong>, Iris \u00e0 une approche pluridisciplinaire en direction artistique, set design, sc\u00e9nographie et graphisme, accompagnant chaque projet de la conception \u00e0 sa mat\u00e9rialisation sur mesure. <strong>ARTXIRIS Studio<\/strong> vise \u00e0 cr\u00e9er des exp\u00e9riences visuelles coh\u00e9rentes, porteuses de sens et d\u2019\u00e9motions.<\/p><p data-start=\"1421\" data-end=\"1719\">Aujourd\u2019hui, Iris fait rayonner son univers \u00e0 travers des collaborations, des projets cr\u00e9atifs et des expositions, notamment sur sa terre natale en Martinique, o\u00f9 elle a r\u00e9cemment pr\u00e9sent\u00e9 l\u2019exposition d\u2019arts visuels <em data-start=\"1635\" data-end=\"1674\">BLACK BEAUTY : \u00ab It Takes A Village \u00bb<\/em>. Son travail a \u00e9galement \u00e9t\u00e9 expos\u00e9 \u00e0 Paris en 2025.<\/p>\t\t\t\t\t\t\t\t<\/div>\n\t\t\t\t\t<\/div>\n\t\t<\/div>\n\t\t\t\t\t<\/div>\n\t\t<\/section>\n\t\t<div class=\"elementor-element elementor-element-abf218e e-flex e-con-boxed e-con e-parent\" data-id=\"abf218e\" data-element_type=\"container\" data-e-type=\"container\">\n\t\t\t\t\t<div class=\"e-con-inner\">\n\t\t\t\t<div class=\"elementor-element elementor-element-a13b8f0 elementor-widget elementor-widget-image\" data-id=\"a13b8f0\" data-element_type=\"widget\" data-e-type=\"widget\" data-widget_type=\"image.default\">\n\t\t\t\t\t\t\t\t\t\t\t\t\t\t\t<img decoding=\"async\" width=\"200\" height=\"200\" src=\"https:\/\/artxiris.com\/wp-content\/uploads\/2026\/03\/LOGO-ARTXIRIS.png\" class=\"attachment-full size-full wp-image-4000\" alt=\"\" srcset=\"https:\/\/artxiris.com\/wp-content\/uploads\/2026\/03\/LOGO-ARTXIRIS.png 200w, https:\/\/artxiris.com\/wp-content\/uploads\/2026\/03\/LOGO-ARTXIRIS-150x150.png 150w, https:\/\/artxiris.com\/wp-content\/uploads\/2026\/03\/LOGO-ARTXIRIS-100x100.png 100w, https:\/\/artxiris.com\/wp-content\/uploads\/2026\/03\/elementor\/thumbs\/LOGO-ARTXIRIS-rky4gvi7p1vvy6d53u2j8irgfouatdud7murmnz2n4.png 80w\" sizes=\"(max-width: 200px) 100vw, 200px\" \/>\t\t\t\t\t\t\t\t\t\t\t\t\t\t\t<\/div>\n\t\t\t\t\t<\/div>\n\t\t\t\t<\/div>\n\t\t\t\t<\/div>\n\t\t","protected":false},"excerpt":{"rendered":"<p>Initi\u00e9e \u00e0 la peinture et au dessin d\u00e8s son plus jeune \u00e2ge, Iris d\u00e9veloppe tr\u00e8s&hellip;<\/p>\n","protected":false},"author":1,"featured_media":0,"parent":0,"menu_order":0,"comment_status":"closed","ping_status":"closed","template":"","meta":{"footnotes":""},"class_list":["post-319","page","type-page","status-publish","hentry"],"_links":{"self":[{"href":"https:\/\/artxiris.com\/index.php?rest_route=\/wp\/v2\/pages\/319","targetHints":{"allow":["GET"]}}],"collection":[{"href":"https:\/\/artxiris.com\/index.php?rest_route=\/wp\/v2\/pages"}],"about":[{"href":"https:\/\/artxiris.com\/index.php?rest_route=\/wp\/v2\/types\/page"}],"author":[{"embeddable":true,"href":"https:\/\/artxiris.com\/index.php?rest_route=\/wp\/v2\/users\/1"}],"replies":[{"embeddable":true,"href":"https:\/\/artxiris.com\/index.php?rest_route=%2Fwp%2Fv2%2Fcomments&post=319"}],"version-history":[{"count":36,"href":"https:\/\/artxiris.com\/index.php?rest_route=\/wp\/v2\/pages\/319\/revisions"}],"predecessor-version":[{"id":4003,"href":"https:\/\/artxiris.com\/index.php?rest_route=\/wp\/v2\/pages\/319\/revisions\/4003"}],"wp:attachment":[{"href":"https:\/\/artxiris.com\/index.php?rest_route=%2Fwp%2Fv2%2Fmedia&parent=319"}],"curies":[{"name":"wp","href":"https:\/\/api.w.org\/{rel}","templated":true}]}}